{"id":17196,"date":"2022-08-24T04:26:47","date_gmt":"2022-08-24T01:26:47","guid":{"rendered":"https:\/\/blog.snov.io\/?page_id=17196"},"modified":"2022-08-29T02:10:36","modified_gmt":"2022-08-28T23:10:36","slug":"utilizacao","status":"publish","type":"page","link":"https:\/\/snov.io\/blog\/br\/utilizacao\/","title":{"rendered":"Utiliza\u00e7\u00e3o da Snov.io"},"content":{"rendered":"<p>Prepare-se para qualquer cen\u00e1rio de vendas!<\/p>\n","protected":false},"excerpt":{"rendered":"<p>Prepare-se para qualquer cen\u00e1rio de vendas!<\/p>\n","protected":false},"author":41,"featured_media":16014,"parent":0,"menu_order":0,"comment_status":"closed","ping_status":"closed","template":"page-editors-choice.php","meta":{"footnotes":""},"_links":{"self":[{"href":"https:\/\/snov.io\/blog\/wp-json\/wp\/v2\/pages\/17196"}],"collection":[{"href":"https:\/\/snov.io\/blog\/wp-json\/wp\/v2\/pages"}],"about":[{"href":"https:\/\/snov.io\/blog\/wp-json\/wp\/v2\/types\/page"}],"author":[{"embeddable":true,"href":"https:\/\/snov.io\/blog\/wp-json\/wp\/v2\/users\/41"}],"replies":[{"embeddable":true,"href":"https:\/\/snov.io\/blog\/wp-json\/wp\/v2\/comments?post=17196"}],"version-history":[{"count":0,"href":"https:\/\/snov.io\/blog\/wp-json\/wp\/v2\/pages\/17196\/revisions"}],"wp:featuredmedia":[{"embeddable":true,"href":"https:\/\/snov.io\/blog\/wp-json\/wp\/v2\/media\/16014"}],"wp:attachment":[{"href":"https:\/\/snov.io\/blog\/wp-json\/wp\/v2\/media?parent=17196"}],"curies":[{"name":"wp","href":"https:\/\/api.w.org\/{rel}","templated":true}]}}